{"id":9118,"date":"2025-10-11T18:12:16","date_gmt":"2025-10-11T18:12:16","guid":{"rendered":"https:\/\/letempsjadisauction.com\/?post_type=product&#038;p=9118"},"modified":"2025-10-11T18:12:16","modified_gmt":"2025-10-11T18:12:16","slug":"64-fiasque-anthropomorphe-en-terre-cuite-emaillee","status":"publish","type":"product","link":"https:\/\/letempsjadisauction.com\/nl\/veiling\/64-fiasque-anthropomorphe-en-terre-cuite-emaillee\/","title":{"rendered":"64. Fiasque anthropomorphe en terre cuite \u00e9maill\u00e9e"},"content":{"rendered":"<p>Fiasque en terre cuite \u00e9maill\u00e9e de forme anthropomorphe, 48 \u00d7 37 \u00d7 28 cm<\/p>","protected":false},"excerpt":{"rendered":"<p>Fiasque anthropomorphe en terre cuite \u00e9maill\u00e9e<\/p>","protected":false},"featured_media":8401,"template":"","meta":{"_acf_changed":false,"inline_featured_image":false},"online_sale":[62],"product_brand":[],"product_cat":[18],"product_tag":[],"class_list":{"0":"post-9118","1":"product","2":"type-product","3":"status-publish","4":"has-post-thumbnail","6":"online_sale-octobre-2025","7":"product_cat-non-classe","9":"first","10":"instock","11":"shipping-taxable","12":"purchasable","13":"product-type-auction"},"acf":[],"_links":{"self":[{"href":"https:\/\/letempsjadisauction.com\/nl\/wp-json\/wp\/v2\/product\/9118","targetHints":{"allow":["GET"]}}],"collection":[{"href":"https:\/\/letempsjadisauction.com\/nl\/wp-json\/wp\/v2\/product"}],"about":[{"href":"https:\/\/letempsjadisauction.com\/nl\/wp-json\/wp\/v2\/types\/product"}],"wp:featuredmedia":[{"embeddable":true,"href":"https:\/\/letempsjadisauction.com\/nl\/wp-json\/wp\/v2\/media\/8401"}],"wp:attachment":[{"href":"https:\/\/letempsjadisauction.com\/nl\/wp-json\/wp\/v2\/media?parent=9118"}],"wp:term":[{"taxonomy":"online_sale","embeddable":true,"href":"https:\/\/letempsjadisauction.com\/nl\/wp-json\/wp\/v2\/online_sale?post=9118"},{"taxonomy":"product_brand","embeddable":true,"href":"https:\/\/letempsjadisauction.com\/nl\/wp-json\/wp\/v2\/product_brand?post=9118"},{"taxonomy":"product_cat","embeddable":true,"href":"https:\/\/letempsjadisauction.com\/nl\/wp-json\/wp\/v2\/product_cat?post=9118"},{"taxonomy":"product_tag","embeddable":true,"href":"https:\/\/letempsjadisauction.com\/nl\/wp-json\/wp\/v2\/product_tag?post=9118"}],"curies":[{"name":"wp","href":"https:\/\/api.w.org\/{rel}","templated":true}]}}