{"id":9119,"date":"2025-10-11T18:12:16","date_gmt":"2025-10-11T18:12:16","guid":{"rendered":"https:\/\/letempsjadisauction.com\/?post_type=product&#038;p=9119"},"modified":"2025-10-15T18:43:54","modified_gmt":"2025-10-15T18:43:54","slug":"65-pichet-anthropomorphe-en-gres-glacure-beauvaisis","status":"publish","type":"product","link":"https:\/\/letempsjadisauction.com\/nl\/veiling\/65-pichet-anthropomorphe-en-gres-glacure-beauvaisis\/","title":{"rendered":"65. Pichet anthropomorphe en gr\u00e8s glacur\u00e9, Beauvaisis (?)"},"content":{"rendered":"<p>Beauvaisis (?), pichet anthropomorphe, gr\u00e8s glacur\u00e9, H. 29 cm<\/p>","protected":false},"excerpt":{"rendered":"<p>Pichet anthropomorphe en gr\u00e8s glacur\u00e9, Beauvaisis (?)<\/p>","protected":false},"featured_media":8403,"template":"","meta":{"_acf_changed":false,"inline_featured_image":false},"online_sale":[62],"product_brand":[],"product_cat":[18],"product_tag":[],"class_list":{"0":"post-9119","1":"product","2":"type-product","3":"status-publish","4":"has-post-thumbnail","6":"online_sale-octobre-2025","7":"product_cat-non-classe","9":"first","10":"instock","11":"shipping-taxable","12":"purchasable","13":"product-type-auction"},"acf":[],"_links":{"self":[{"href":"https:\/\/letempsjadisauction.com\/nl\/wp-json\/wp\/v2\/product\/9119","targetHints":{"allow":["GET"]}}],"collection":[{"href":"https:\/\/letempsjadisauction.com\/nl\/wp-json\/wp\/v2\/product"}],"about":[{"href":"https:\/\/letempsjadisauction.com\/nl\/wp-json\/wp\/v2\/types\/product"}],"wp:featuredmedia":[{"embeddable":true,"href":"https:\/\/letempsjadisauction.com\/nl\/wp-json\/wp\/v2\/media\/8403"}],"wp:attachment":[{"href":"https:\/\/letempsjadisauction.com\/nl\/wp-json\/wp\/v2\/media?parent=9119"}],"wp:term":[{"taxonomy":"online_sale","embeddable":true,"href":"https:\/\/letempsjadisauction.com\/nl\/wp-json\/wp\/v2\/online_sale?post=9119"},{"taxonomy":"product_brand","embeddable":true,"href":"https:\/\/letempsjadisauction.com\/nl\/wp-json\/wp\/v2\/product_brand?post=9119"},{"taxonomy":"product_cat","embeddable":true,"href":"https:\/\/letempsjadisauction.com\/nl\/wp-json\/wp\/v2\/product_cat?post=9119"},{"taxonomy":"product_tag","embeddable":true,"href":"https:\/\/letempsjadisauction.com\/nl\/wp-json\/wp\/v2\/product_tag?post=9119"}],"curies":[{"name":"wp","href":"https:\/\/api.w.org\/{rel}","templated":true}]}}