{"id":9121,"date":"2025-10-11T18:12:15","date_gmt":"2025-10-11T18:12:15","guid":{"rendered":"https:\/\/letempsjadisauction.com\/?post_type=product&#038;p=9121"},"modified":"2025-10-21T08:35:12","modified_gmt":"2025-10-21T08:35:12","slug":"67-fontaine-au-bacchus-assis-sur-un-tonnelet-rouen-18e-siecle","status":"publish","type":"product","link":"https:\/\/letempsjadisauction.com\/nl\/veiling\/67-fontaine-au-bacchus-assis-sur-un-tonnelet-rouen-18e-siecle\/","title":{"rendered":"67. Fontaine au Bacchus assis sur un tonnelet, Rouen, 18e si\u00e8cle"},"content":{"rendered":"<p>Rouen, fontaine repr\u00e9sentant un bacchus tenant un verre, assis sur un tonnelet muni d&rsquo;un robinet, faience polychrome, 18eme si\u00e8cle,  58 \u00d7 33 \u00d7 22 cm<\/p>","protected":false},"excerpt":{"rendered":"<p>Fontaine au Bacchus assis sur un tonnelet, Rouen, 18e si\u00e8cle<\/p>","protected":false},"featured_media":8415,"template":"","meta":{"_acf_changed":false,"inline_featured_image":false},"online_sale":[62],"product_brand":[],"product_cat":[18],"product_tag":[],"class_list":{"0":"post-9121","1":"product","2":"type-product","3":"status-publish","4":"has-post-thumbnail","6":"online_sale-octobre-2025","7":"product_cat-non-classe","9":"first","10":"instock","11":"shipping-taxable","12":"purchasable","13":"product-type-auction"},"acf":[],"_links":{"self":[{"href":"https:\/\/letempsjadisauction.com\/nl\/wp-json\/wp\/v2\/product\/9121","targetHints":{"allow":["GET"]}}],"collection":[{"href":"https:\/\/letempsjadisauction.com\/nl\/wp-json\/wp\/v2\/product"}],"about":[{"href":"https:\/\/letempsjadisauction.com\/nl\/wp-json\/wp\/v2\/types\/product"}],"wp:featuredmedia":[{"embeddable":true,"href":"https:\/\/letempsjadisauction.com\/nl\/wp-json\/wp\/v2\/media\/8415"}],"wp:attachment":[{"href":"https:\/\/letempsjadisauction.com\/nl\/wp-json\/wp\/v2\/media?parent=9121"}],"wp:term":[{"taxonomy":"online_sale","embeddable":true,"href":"https:\/\/letempsjadisauction.com\/nl\/wp-json\/wp\/v2\/online_sale?post=9121"},{"taxonomy":"product_brand","embeddable":true,"href":"https:\/\/letempsjadisauction.com\/nl\/wp-json\/wp\/v2\/product_brand?post=9121"},{"taxonomy":"product_cat","embeddable":true,"href":"https:\/\/letempsjadisauction.com\/nl\/wp-json\/wp\/v2\/product_cat?post=9121"},{"taxonomy":"product_tag","embeddable":true,"href":"https:\/\/letempsjadisauction.com\/nl\/wp-json\/wp\/v2\/product_tag?post=9121"}],"curies":[{"name":"wp","href":"https:\/\/api.w.org\/{rel}","templated":true}]}}