{"id":9122,"date":"2025-10-11T18:12:15","date_gmt":"2025-10-11T18:12:15","guid":{"rendered":"https:\/\/letempsjadisauction.com\/?post_type=product&#038;p=9122"},"modified":"2025-10-19T19:33:38","modified_gmt":"2025-10-19T19:33:38","slug":"68-grande-fontaine-au-bacchus-faience-de-bruxelles-18e-siecle","status":"publish","type":"product","link":"https:\/\/letempsjadisauction.com\/nl\/veiling\/68-grande-fontaine-au-bacchus-faience-de-bruxelles-18e-siecle\/","title":{"rendered":"68. Grande fontaine au Bacchus, fa\u00efence de Bruxelles, 18e si\u00e8cle"},"content":{"rendered":"<p>Faience de Bruxelles, grande fontaine orn\u00e9 d&rsquo;un Bacchus avec des grappes de raisin, une coupe \u00e0 la main et assis sur un tonneau couch\u00e9, faience polychrome, 18eme si\u00e8cle, 42 \u00d7 38 \u00d7 62 cm<\/p>","protected":false},"excerpt":{"rendered":"<p>Grande fontaine au Bacchus, fa\u00efence de Bruxelles, 18e si\u00e8cle<\/p>","protected":false},"featured_media":8422,"template":"","meta":{"_acf_changed":false,"inline_featured_image":false},"online_sale":[62],"product_brand":[],"product_cat":[18],"product_tag":[],"class_list":{"0":"post-9122","1":"product","2":"type-product","3":"status-publish","4":"has-post-thumbnail","6":"online_sale-octobre-2025","7":"product_cat-non-classe","9":"first","10":"instock","11":"shipping-taxable","12":"purchasable","13":"product-type-auction"},"acf":[],"_links":{"self":[{"href":"https:\/\/letempsjadisauction.com\/nl\/wp-json\/wp\/v2\/product\/9122","targetHints":{"allow":["GET"]}}],"collection":[{"href":"https:\/\/letempsjadisauction.com\/nl\/wp-json\/wp\/v2\/product"}],"about":[{"href":"https:\/\/letempsjadisauction.com\/nl\/wp-json\/wp\/v2\/types\/product"}],"wp:featuredmedia":[{"embeddable":true,"href":"https:\/\/letempsjadisauction.com\/nl\/wp-json\/wp\/v2\/media\/8422"}],"wp:attachment":[{"href":"https:\/\/letempsjadisauction.com\/nl\/wp-json\/wp\/v2\/media?parent=9122"}],"wp:term":[{"taxonomy":"online_sale","embeddable":true,"href":"https:\/\/letempsjadisauction.com\/nl\/wp-json\/wp\/v2\/online_sale?post=9122"},{"taxonomy":"product_brand","embeddable":true,"href":"https:\/\/letempsjadisauction.com\/nl\/wp-json\/wp\/v2\/product_brand?post=9122"},{"taxonomy":"product_cat","embeddable":true,"href":"https:\/\/letempsjadisauction.com\/nl\/wp-json\/wp\/v2\/product_cat?post=9122"},{"taxonomy":"product_tag","embeddable":true,"href":"https:\/\/letempsjadisauction.com\/nl\/wp-json\/wp\/v2\/product_tag?post=9122"}],"curies":[{"name":"wp","href":"https:\/\/api.w.org\/{rel}","templated":true}]}}