{"id":9130,"date":"2025-10-11T18:12:17","date_gmt":"2025-10-11T18:12:17","guid":{"rendered":"https:\/\/letempsjadisauction.com\/?post_type=product&#038;p=9130"},"modified":"2025-10-16T08:06:02","modified_gmt":"2025-10-16T08:06:02","slug":"76-paire-dassiettes-a-decor-asiatique-delft","status":"publish","type":"product","link":"https:\/\/letempsjadisauction.com\/nl\/veiling\/76-paire-dassiettes-a-decor-asiatique-delft\/","title":{"rendered":"76. Paire d\u2019assiettes \u00e0 d\u00e9cor asiatique, Delft"},"content":{"rendered":"<p>Delft, paire d&rsquo;assiettes \u00e0 d\u00e9cor asiatique, 35 cm<\/p>","protected":false},"excerpt":{"rendered":"<p>Paire d\u2019assiettes \u00e0 d\u00e9cor asiatique, Delft<\/p>","protected":false},"featured_media":8448,"template":"","meta":{"_acf_changed":false,"inline_featured_image":false},"online_sale":[62],"product_brand":[],"product_cat":[18],"product_tag":[],"class_list":{"0":"post-9130","1":"product","2":"type-product","3":"status-publish","4":"has-post-thumbnail","6":"online_sale-octobre-2025","7":"product_cat-non-classe","9":"first","10":"instock","11":"shipping-taxable","12":"purchasable","13":"product-type-auction"},"acf":[],"_links":{"self":[{"href":"https:\/\/letempsjadisauction.com\/nl\/wp-json\/wp\/v2\/product\/9130","targetHints":{"allow":["GET"]}}],"collection":[{"href":"https:\/\/letempsjadisauction.com\/nl\/wp-json\/wp\/v2\/product"}],"about":[{"href":"https:\/\/letempsjadisauction.com\/nl\/wp-json\/wp\/v2\/types\/product"}],"wp:featuredmedia":[{"embeddable":true,"href":"https:\/\/letempsjadisauction.com\/nl\/wp-json\/wp\/v2\/media\/8448"}],"wp:attachment":[{"href":"https:\/\/letempsjadisauction.com\/nl\/wp-json\/wp\/v2\/media?parent=9130"}],"wp:term":[{"taxonomy":"online_sale","embeddable":true,"href":"https:\/\/letempsjadisauction.com\/nl\/wp-json\/wp\/v2\/online_sale?post=9130"},{"taxonomy":"product_brand","embeddable":true,"href":"https:\/\/letempsjadisauction.com\/nl\/wp-json\/wp\/v2\/product_brand?post=9130"},{"taxonomy":"product_cat","embeddable":true,"href":"https:\/\/letempsjadisauction.com\/nl\/wp-json\/wp\/v2\/product_cat?post=9130"},{"taxonomy":"product_tag","embeddable":true,"href":"https:\/\/letempsjadisauction.com\/nl\/wp-json\/wp\/v2\/product_tag?post=9130"}],"curies":[{"name":"wp","href":"https:\/\/api.w.org\/{rel}","templated":true}]}}