{"id":9156,"date":"2025-10-11T18:12:59","date_gmt":"2025-10-11T18:12:59","guid":{"rendered":"https:\/\/letempsjadisauction.com\/?post_type=product&#038;p=9156"},"modified":"2025-10-29T14:22:03","modified_gmt":"2025-10-29T14:22:03","slug":"102-plaque-en-faience-de-delft","status":"publish","type":"product","link":"https:\/\/letempsjadisauction.com\/nl\/veiling\/102-plaque-en-faience-de-delft\/","title":{"rendered":"102. Plaque en fa\u00efence de Delft"},"content":{"rendered":"<p>Delft, plaque repr\u00e9sentant une sc\u00e8ne de travail dans les champs, faience polychrome, marque L peinte \u00e0 l&rsquo;arri\u00e8re, 34 x 28 cm<\/p>","protected":false},"excerpt":{"rendered":"<p>Plaque en fa\u00efence de Delft<\/p>","protected":false},"featured_media":8523,"template":"","meta":{"_acf_changed":false,"inline_featured_image":false},"online_sale":[62],"product_brand":[],"product_cat":[18],"product_tag":[],"class_list":{"0":"post-9156","1":"product","2":"type-product","3":"status-publish","4":"has-post-thumbnail","6":"online_sale-octobre-2025","7":"product_cat-non-classe","9":"first","10":"instock","11":"shipping-taxable","12":"purchasable","13":"product-type-auction"},"acf":[],"_links":{"self":[{"href":"https:\/\/letempsjadisauction.com\/nl\/wp-json\/wp\/v2\/product\/9156","targetHints":{"allow":["GET"]}}],"collection":[{"href":"https:\/\/letempsjadisauction.com\/nl\/wp-json\/wp\/v2\/product"}],"about":[{"href":"https:\/\/letempsjadisauction.com\/nl\/wp-json\/wp\/v2\/types\/product"}],"wp:featuredmedia":[{"embeddable":true,"href":"https:\/\/letempsjadisauction.com\/nl\/wp-json\/wp\/v2\/media\/8523"}],"wp:attachment":[{"href":"https:\/\/letempsjadisauction.com\/nl\/wp-json\/wp\/v2\/media?parent=9156"}],"wp:term":[{"taxonomy":"online_sale","embeddable":true,"href":"https:\/\/letempsjadisauction.com\/nl\/wp-json\/wp\/v2\/online_sale?post=9156"},{"taxonomy":"product_brand","embeddable":true,"href":"https:\/\/letempsjadisauction.com\/nl\/wp-json\/wp\/v2\/product_brand?post=9156"},{"taxonomy":"product_cat","embeddable":true,"href":"https:\/\/letempsjadisauction.com\/nl\/wp-json\/wp\/v2\/product_cat?post=9156"},{"taxonomy":"product_tag","embeddable":true,"href":"https:\/\/letempsjadisauction.com\/nl\/wp-json\/wp\/v2\/product_tag?post=9156"}],"curies":[{"name":"wp","href":"https:\/\/api.w.org\/{rel}","templated":true}]}}