{"id":9157,"date":"2025-10-11T18:12:59","date_gmt":"2025-10-11T18:12:59","guid":{"rendered":"https:\/\/letempsjadisauction.com\/?post_type=product&#038;p=9157"},"modified":"2025-10-11T18:13:00","modified_gmt":"2025-10-11T18:13:00","slug":"103-paire-de-lampes-epoque-napoleon-iii","status":"publish","type":"product","link":"https:\/\/letempsjadisauction.com\/nl\/veiling\/103-paire-de-lampes-epoque-napoleon-iii\/","title":{"rendered":"103. Paire de lampes, \u00e9poque Napol\u00e9on III"},"content":{"rendered":"<p>Paire de lampe, \u00e9poque Napol\u00e9on III, 54 x 18 cm<\/p>","protected":false},"excerpt":{"rendered":"<p>Paire de lampes, \u00e9poque Napol\u00e9on III<\/p>","protected":false},"featured_media":8525,"template":"","meta":{"_acf_changed":false,"inline_featured_image":false},"online_sale":[62],"product_brand":[],"product_cat":[18],"product_tag":[],"class_list":{"0":"post-9157","1":"product","2":"type-product","3":"status-publish","4":"has-post-thumbnail","6":"online_sale-octobre-2025","7":"product_cat-non-classe","9":"first","10":"instock","11":"shipping-taxable","12":"purchasable","13":"product-type-auction"},"acf":[],"_links":{"self":[{"href":"https:\/\/letempsjadisauction.com\/nl\/wp-json\/wp\/v2\/product\/9157","targetHints":{"allow":["GET"]}}],"collection":[{"href":"https:\/\/letempsjadisauction.com\/nl\/wp-json\/wp\/v2\/product"}],"about":[{"href":"https:\/\/letempsjadisauction.com\/nl\/wp-json\/wp\/v2\/types\/product"}],"wp:featuredmedia":[{"embeddable":true,"href":"https:\/\/letempsjadisauction.com\/nl\/wp-json\/wp\/v2\/media\/8525"}],"wp:attachment":[{"href":"https:\/\/letempsjadisauction.com\/nl\/wp-json\/wp\/v2\/media?parent=9157"}],"wp:term":[{"taxonomy":"online_sale","embeddable":true,"href":"https:\/\/letempsjadisauction.com\/nl\/wp-json\/wp\/v2\/online_sale?post=9157"},{"taxonomy":"product_brand","embeddable":true,"href":"https:\/\/letempsjadisauction.com\/nl\/wp-json\/wp\/v2\/product_brand?post=9157"},{"taxonomy":"product_cat","embeddable":true,"href":"https:\/\/letempsjadisauction.com\/nl\/wp-json\/wp\/v2\/product_cat?post=9157"},{"taxonomy":"product_tag","embeddable":true,"href":"https:\/\/letempsjadisauction.com\/nl\/wp-json\/wp\/v2\/product_tag?post=9157"}],"curies":[{"name":"wp","href":"https:\/\/api.w.org\/{rel}","templated":true}]}}