{"id":9163,"date":"2025-10-11T18:13:01","date_gmt":"2025-10-11T18:13:01","guid":{"rendered":"https:\/\/letempsjadisauction.com\/?post_type=product&#038;p=9163"},"modified":"2025-10-15T19:30:51","modified_gmt":"2025-10-15T19:30:51","slug":"109-cheval-en-terre-cuite-emaillee","status":"publish","type":"product","link":"https:\/\/letempsjadisauction.com\/nl\/veiling\/109-cheval-en-terre-cuite-emaillee\/","title":{"rendered":"109. Cheval en terre cuite \u00e9maill\u00e9e"},"content":{"rendered":"<p>Chine, cheval et cavalier, terre cuite \u00e9maill\u00e9e, 19 x 20 x 5,5  cm<\/p>","protected":false},"excerpt":{"rendered":"<p>Cheval en terre cuite \u00e9maill\u00e9e<\/p>","protected":false},"featured_media":8554,"template":"","meta":{"_acf_changed":false,"inline_featured_image":false},"online_sale":[62],"product_brand":[],"product_cat":[18],"product_tag":[],"class_list":{"0":"post-9163","1":"product","2":"type-product","3":"status-publish","4":"has-post-thumbnail","6":"online_sale-octobre-2025","7":"product_cat-non-classe","9":"first","10":"instock","11":"shipping-taxable","12":"purchasable","13":"product-type-auction"},"acf":[],"_links":{"self":[{"href":"https:\/\/letempsjadisauction.com\/nl\/wp-json\/wp\/v2\/product\/9163","targetHints":{"allow":["GET"]}}],"collection":[{"href":"https:\/\/letempsjadisauction.com\/nl\/wp-json\/wp\/v2\/product"}],"about":[{"href":"https:\/\/letempsjadisauction.com\/nl\/wp-json\/wp\/v2\/types\/product"}],"wp:featuredmedia":[{"embeddable":true,"href":"https:\/\/letempsjadisauction.com\/nl\/wp-json\/wp\/v2\/media\/8554"}],"wp:attachment":[{"href":"https:\/\/letempsjadisauction.com\/nl\/wp-json\/wp\/v2\/media?parent=9163"}],"wp:term":[{"taxonomy":"online_sale","embeddable":true,"href":"https:\/\/letempsjadisauction.com\/nl\/wp-json\/wp\/v2\/online_sale?post=9163"},{"taxonomy":"product_brand","embeddable":true,"href":"https:\/\/letempsjadisauction.com\/nl\/wp-json\/wp\/v2\/product_brand?post=9163"},{"taxonomy":"product_cat","embeddable":true,"href":"https:\/\/letempsjadisauction.com\/nl\/wp-json\/wp\/v2\/product_cat?post=9163"},{"taxonomy":"product_tag","embeddable":true,"href":"https:\/\/letempsjadisauction.com\/nl\/wp-json\/wp\/v2\/product_tag?post=9163"}],"curies":[{"name":"wp","href":"https:\/\/api.w.org\/{rel}","templated":true}]}}