{"id":9164,"date":"2025-10-11T18:13:00","date_gmt":"2025-10-11T18:13:00","guid":{"rendered":"https:\/\/letempsjadisauction.com\/?post_type=product&#038;p=9164"},"modified":"2025-10-29T14:38:05","modified_gmt":"2025-10-29T14:38:05","slug":"110-grand-vase-chinois-a-decor-de-fleurs-et-doiseaux","status":"publish","type":"product","link":"https:\/\/letempsjadisauction.com\/nl\/veiling\/110-grand-vase-chinois-a-decor-de-fleurs-et-doiseaux\/","title":{"rendered":"110. Grand vase chinois \u00e0 d\u00e9cor de fleurs et d\u2019oiseaux"},"content":{"rendered":"<p>Chine, grand vase \u00e0 d\u00e9cor de fleurs et d&rsquo;oiseaux, anses en forme de dragons stylis\u00e9s, c\u00e9ramique \u00e9maill\u00e9e polychrome, 46 x 36 cm<\/p>","protected":false},"excerpt":{"rendered":"<p>Grand vase chinois \u00e0 d\u00e9cor de fleurs et d\u2019oiseaux<\/p>","protected":false},"featured_media":9291,"template":"","meta":{"_acf_changed":false,"inline_featured_image":false},"online_sale":[62],"product_brand":[],"product_cat":[18],"product_tag":[],"class_list":{"0":"post-9164","1":"product","2":"type-product","3":"status-publish","4":"has-post-thumbnail","6":"online_sale-octobre-2025","7":"product_cat-non-classe","9":"first","10":"instock","11":"shipping-taxable","12":"purchasable","13":"product-type-auction"},"acf":[],"_links":{"self":[{"href":"https:\/\/letempsjadisauction.com\/nl\/wp-json\/wp\/v2\/product\/9164","targetHints":{"allow":["GET"]}}],"collection":[{"href":"https:\/\/letempsjadisauction.com\/nl\/wp-json\/wp\/v2\/product"}],"about":[{"href":"https:\/\/letempsjadisauction.com\/nl\/wp-json\/wp\/v2\/types\/product"}],"wp:featuredmedia":[{"embeddable":true,"href":"https:\/\/letempsjadisauction.com\/nl\/wp-json\/wp\/v2\/media\/9291"}],"wp:attachment":[{"href":"https:\/\/letempsjadisauction.com\/nl\/wp-json\/wp\/v2\/media?parent=9164"}],"wp:term":[{"taxonomy":"online_sale","embeddable":true,"href":"https:\/\/letempsjadisauction.com\/nl\/wp-json\/wp\/v2\/online_sale?post=9164"},{"taxonomy":"product_brand","embeddable":true,"href":"https:\/\/letempsjadisauction.com\/nl\/wp-json\/wp\/v2\/product_brand?post=9164"},{"taxonomy":"product_cat","embeddable":true,"href":"https:\/\/letempsjadisauction.com\/nl\/wp-json\/wp\/v2\/product_cat?post=9164"},{"taxonomy":"product_tag","embeddable":true,"href":"https:\/\/letempsjadisauction.com\/nl\/wp-json\/wp\/v2\/product_tag?post=9164"}],"curies":[{"name":"wp","href":"https:\/\/api.w.org\/{rel}","templated":true}]}}