{"id":9170,"date":"2025-10-11T18:13:02","date_gmt":"2025-10-11T18:13:02","guid":{"rendered":"https:\/\/letempsjadisauction.com\/?post_type=product&#038;p=9170"},"modified":"2025-10-11T18:13:02","modified_gmt":"2025-10-11T18:13:02","slug":"116-table-de-salon-de-style-louis-xv-estampillee-g-l-avisse","status":"publish","type":"product","link":"https:\/\/letempsjadisauction.com\/nl\/veiling\/116-table-de-salon-de-style-louis-xv-estampillee-g-l-avisse\/","title":{"rendered":"116. Table de salon de style Louis XV, estampill\u00e9e G &#038; L Avisse"},"content":{"rendered":"<p>Table de salon de style Louis XV, marqueterie de bois de placage, ornementation de bronzes dor\u00e9s,  estampille G &#038; L Avisse, 60 \u00d7 85 \u00d7 76 cm<\/p>","protected":false},"excerpt":{"rendered":"<p>Table de salon de style Louis XV, estampill\u00e9e G &#038; L Avisse<\/p>","protected":false},"featured_media":8574,"template":"","meta":{"_acf_changed":false,"inline_featured_image":false},"online_sale":[62],"product_brand":[],"product_cat":[18],"product_tag":[],"class_list":{"0":"post-9170","1":"product","2":"type-product","3":"status-publish","4":"has-post-thumbnail","6":"online_sale-octobre-2025","7":"product_cat-non-classe","9":"first","10":"instock","11":"shipping-taxable","12":"purchasable","13":"product-type-auction"},"acf":[],"_links":{"self":[{"href":"https:\/\/letempsjadisauction.com\/nl\/wp-json\/wp\/v2\/product\/9170","targetHints":{"allow":["GET"]}}],"collection":[{"href":"https:\/\/letempsjadisauction.com\/nl\/wp-json\/wp\/v2\/product"}],"about":[{"href":"https:\/\/letempsjadisauction.com\/nl\/wp-json\/wp\/v2\/types\/product"}],"wp:featuredmedia":[{"embeddable":true,"href":"https:\/\/letempsjadisauction.com\/nl\/wp-json\/wp\/v2\/media\/8574"}],"wp:attachment":[{"href":"https:\/\/letempsjadisauction.com\/nl\/wp-json\/wp\/v2\/media?parent=9170"}],"wp:term":[{"taxonomy":"online_sale","embeddable":true,"href":"https:\/\/letempsjadisauction.com\/nl\/wp-json\/wp\/v2\/online_sale?post=9170"},{"taxonomy":"product_brand","embeddable":true,"href":"https:\/\/letempsjadisauction.com\/nl\/wp-json\/wp\/v2\/product_brand?post=9170"},{"taxonomy":"product_cat","embeddable":true,"href":"https:\/\/letempsjadisauction.com\/nl\/wp-json\/wp\/v2\/product_cat?post=9170"},{"taxonomy":"product_tag","embeddable":true,"href":"https:\/\/letempsjadisauction.com\/nl\/wp-json\/wp\/v2\/product_tag?post=9170"}],"curies":[{"name":"wp","href":"https:\/\/api.w.org\/{rel}","templated":true}]}}