{"id":9171,"date":"2025-10-11T18:13:02","date_gmt":"2025-10-11T18:13:02","guid":{"rendered":"https:\/\/letempsjadisauction.com\/?post_type=product&#038;p=9171"},"modified":"2025-10-11T18:13:02","modified_gmt":"2025-10-11T18:13:02","slug":"117-jardiniere-tripode-en-bois-sculpte-a-decor-de-feuillages","status":"publish","type":"product","link":"https:\/\/letempsjadisauction.com\/nl\/veiling\/117-jardiniere-tripode-en-bois-sculpte-a-decor-de-feuillages\/","title":{"rendered":"117. Jardini\u00e8re tripode en bois sculpt\u00e9 \u00e0 d\u00e9cor de feuillages"},"content":{"rendered":"<p>Jardini\u00e8re tripode \u00e0 riche d\u00e9cor de feuillages, fleurs et volutes, bois sculpt\u00e9, 58 \u00d7 38 \u00d7 84 cm<\/p>","protected":false},"excerpt":{"rendered":"<p>Jardini\u00e8re tripode en bois sculpt\u00e9 \u00e0 d\u00e9cor de feuillages<\/p>","protected":false},"featured_media":8578,"template":"","meta":{"_acf_changed":false,"inline_featured_image":false},"online_sale":[62],"product_brand":[],"product_cat":[18],"product_tag":[],"class_list":{"0":"post-9171","1":"product","2":"type-product","3":"status-publish","4":"has-post-thumbnail","6":"online_sale-octobre-2025","7":"product_cat-non-classe","9":"first","10":"instock","11":"shipping-taxable","12":"purchasable","13":"product-type-auction"},"acf":[],"_links":{"self":[{"href":"https:\/\/letempsjadisauction.com\/nl\/wp-json\/wp\/v2\/product\/9171","targetHints":{"allow":["GET"]}}],"collection":[{"href":"https:\/\/letempsjadisauction.com\/nl\/wp-json\/wp\/v2\/product"}],"about":[{"href":"https:\/\/letempsjadisauction.com\/nl\/wp-json\/wp\/v2\/types\/product"}],"wp:featuredmedia":[{"embeddable":true,"href":"https:\/\/letempsjadisauction.com\/nl\/wp-json\/wp\/v2\/media\/8578"}],"wp:attachment":[{"href":"https:\/\/letempsjadisauction.com\/nl\/wp-json\/wp\/v2\/media?parent=9171"}],"wp:term":[{"taxonomy":"online_sale","embeddable":true,"href":"https:\/\/letempsjadisauction.com\/nl\/wp-json\/wp\/v2\/online_sale?post=9171"},{"taxonomy":"product_brand","embeddable":true,"href":"https:\/\/letempsjadisauction.com\/nl\/wp-json\/wp\/v2\/product_brand?post=9171"},{"taxonomy":"product_cat","embeddable":true,"href":"https:\/\/letempsjadisauction.com\/nl\/wp-json\/wp\/v2\/product_cat?post=9171"},{"taxonomy":"product_tag","embeddable":true,"href":"https:\/\/letempsjadisauction.com\/nl\/wp-json\/wp\/v2\/product_tag?post=9171"}],"curies":[{"name":"wp","href":"https:\/\/api.w.org\/{rel}","templated":true}]}}