{"id":9172,"date":"2025-10-11T18:13:02","date_gmt":"2025-10-11T18:13:02","guid":{"rendered":"https:\/\/letempsjadisauction.com\/?post_type=product&#038;p=9172"},"modified":"2025-10-15T08:05:40","modified_gmt":"2025-10-15T08:05:40","slug":"118-lanterne-magique-fin-xixe-debut-xxe-siecle","status":"publish","type":"product","link":"https:\/\/letempsjadisauction.com\/nl\/veiling\/118-lanterne-magique-fin-xixe-debut-xxe-siecle\/","title":{"rendered":"118. Lanterne magique, fin XIXe \u2013 d\u00e9but XXe si\u00e8cle"},"content":{"rendered":"<p>Lanterne magique, fin 19eme-d\u00e9but 20eme, 110 \u00d7 82 \u00d7 91  cm<\/p>","protected":false},"excerpt":{"rendered":"<p>Lanterne magique, fin XIXe \u2013 d\u00e9but XXe si\u00e8cle<\/p>","protected":false},"featured_media":8583,"template":"","meta":{"_acf_changed":false,"inline_featured_image":false},"online_sale":[62],"product_brand":[],"product_cat":[18],"product_tag":[],"class_list":{"0":"post-9172","1":"product","2":"type-product","3":"status-publish","4":"has-post-thumbnail","6":"online_sale-octobre-2025","7":"product_cat-non-classe","9":"first","10":"instock","11":"shipping-taxable","12":"purchasable","13":"product-type-auction"},"acf":[],"_links":{"self":[{"href":"https:\/\/letempsjadisauction.com\/nl\/wp-json\/wp\/v2\/product\/9172","targetHints":{"allow":["GET"]}}],"collection":[{"href":"https:\/\/letempsjadisauction.com\/nl\/wp-json\/wp\/v2\/product"}],"about":[{"href":"https:\/\/letempsjadisauction.com\/nl\/wp-json\/wp\/v2\/types\/product"}],"wp:featuredmedia":[{"embeddable":true,"href":"https:\/\/letempsjadisauction.com\/nl\/wp-json\/wp\/v2\/media\/8583"}],"wp:attachment":[{"href":"https:\/\/letempsjadisauction.com\/nl\/wp-json\/wp\/v2\/media?parent=9172"}],"wp:term":[{"taxonomy":"online_sale","embeddable":true,"href":"https:\/\/letempsjadisauction.com\/nl\/wp-json\/wp\/v2\/online_sale?post=9172"},{"taxonomy":"product_brand","embeddable":true,"href":"https:\/\/letempsjadisauction.com\/nl\/wp-json\/wp\/v2\/product_brand?post=9172"},{"taxonomy":"product_cat","embeddable":true,"href":"https:\/\/letempsjadisauction.com\/nl\/wp-json\/wp\/v2\/product_cat?post=9172"},{"taxonomy":"product_tag","embeddable":true,"href":"https:\/\/letempsjadisauction.com\/nl\/wp-json\/wp\/v2\/product_tag?post=9172"}],"curies":[{"name":"wp","href":"https:\/\/api.w.org\/{rel}","templated":true}]}}