{"id":9176,"date":"2025-10-11T18:13:21","date_gmt":"2025-10-11T18:13:21","guid":{"rendered":"https:\/\/letempsjadisauction.com\/?post_type=product&#038;p=9176"},"modified":"2025-10-11T18:13:21","modified_gmt":"2025-10-11T18:13:21","slug":"122-canape-vintage-attribue-a-meurop-vers-1960","status":"publish","type":"product","link":"https:\/\/letempsjadisauction.com\/nl\/veiling\/122-canape-vintage-attribue-a-meurop-vers-1960\/","title":{"rendered":"122. Canap\u00e9 vintage attribu\u00e9 \u00e0 Meurop, vers 1960"},"content":{"rendered":"<p>Attribu\u00e9 \u00e0 MEUROP, canap\u00e9 vintage, tissu vert, acier chrom\u00e9, vers 1960, 145 x 83 x 70 cm <\/p>","protected":false},"excerpt":{"rendered":"<p>Canap\u00e9 vintage attribu\u00e9 \u00e0 Meurop, vers 1960<\/p>","protected":false},"featured_media":8598,"template":"","meta":{"_acf_changed":false,"inline_featured_image":false},"online_sale":[62],"product_brand":[],"product_cat":[18],"product_tag":[],"class_list":{"0":"post-9176","1":"product","2":"type-product","3":"status-publish","4":"has-post-thumbnail","6":"online_sale-octobre-2025","7":"product_cat-non-classe","9":"first","10":"instock","11":"shipping-taxable","12":"purchasable","13":"product-type-auction"},"acf":[],"_links":{"self":[{"href":"https:\/\/letempsjadisauction.com\/nl\/wp-json\/wp\/v2\/product\/9176","targetHints":{"allow":["GET"]}}],"collection":[{"href":"https:\/\/letempsjadisauction.com\/nl\/wp-json\/wp\/v2\/product"}],"about":[{"href":"https:\/\/letempsjadisauction.com\/nl\/wp-json\/wp\/v2\/types\/product"}],"wp:featuredmedia":[{"embeddable":true,"href":"https:\/\/letempsjadisauction.com\/nl\/wp-json\/wp\/v2\/media\/8598"}],"wp:attachment":[{"href":"https:\/\/letempsjadisauction.com\/nl\/wp-json\/wp\/v2\/media?parent=9176"}],"wp:term":[{"taxonomy":"online_sale","embeddable":true,"href":"https:\/\/letempsjadisauction.com\/nl\/wp-json\/wp\/v2\/online_sale?post=9176"},{"taxonomy":"product_brand","embeddable":true,"href":"https:\/\/letempsjadisauction.com\/nl\/wp-json\/wp\/v2\/product_brand?post=9176"},{"taxonomy":"product_cat","embeddable":true,"href":"https:\/\/letempsjadisauction.com\/nl\/wp-json\/wp\/v2\/product_cat?post=9176"},{"taxonomy":"product_tag","embeddable":true,"href":"https:\/\/letempsjadisauction.com\/nl\/wp-json\/wp\/v2\/product_tag?post=9176"}],"curies":[{"name":"wp","href":"https:\/\/api.w.org\/{rel}","templated":true}]}}