{"id":9189,"date":"2025-10-11T18:13:57","date_gmt":"2025-10-11T18:13:57","guid":{"rendered":"https:\/\/letempsjadisauction.com\/?post_type=product&#038;p=9189"},"modified":"2025-10-26T15:30:44","modified_gmt":"2025-10-26T15:30:44","slug":"135-paire-de-bergeres-de-style-louis-xv","status":"publish","type":"product","link":"https:\/\/letempsjadisauction.com\/nl\/veiling\/135-paire-de-bergeres-de-style-louis-xv\/","title":{"rendered":"135. Paire de berg\u00e8res de style Louis XV"},"content":{"rendered":"<p>Paire de berg\u00e8res de style Louis XV, bois sculpt\u00e9, dossier et cot\u00e9s cann\u00e9s, 73 \u00d7 57 cm<\/p>","protected":false},"excerpt":{"rendered":"<p>Paire de berg\u00e8res de style Louis XV<\/p>","protected":false},"featured_media":8620,"template":"","meta":{"_acf_changed":false,"inline_featured_image":false},"online_sale":[62],"product_brand":[],"product_cat":[18],"product_tag":[],"class_list":{"0":"post-9189","1":"product","2":"type-product","3":"status-publish","4":"has-post-thumbnail","6":"online_sale-octobre-2025","7":"product_cat-non-classe","9":"first","10":"instock","11":"shipping-taxable","12":"purchasable","13":"product-type-auction"},"acf":[],"_links":{"self":[{"href":"https:\/\/letempsjadisauction.com\/nl\/wp-json\/wp\/v2\/product\/9189","targetHints":{"allow":["GET"]}}],"collection":[{"href":"https:\/\/letempsjadisauction.com\/nl\/wp-json\/wp\/v2\/product"}],"about":[{"href":"https:\/\/letempsjadisauction.com\/nl\/wp-json\/wp\/v2\/types\/product"}],"wp:featuredmedia":[{"embeddable":true,"href":"https:\/\/letempsjadisauction.com\/nl\/wp-json\/wp\/v2\/media\/8620"}],"wp:attachment":[{"href":"https:\/\/letempsjadisauction.com\/nl\/wp-json\/wp\/v2\/media?parent=9189"}],"wp:term":[{"taxonomy":"online_sale","embeddable":true,"href":"https:\/\/letempsjadisauction.com\/nl\/wp-json\/wp\/v2\/online_sale?post=9189"},{"taxonomy":"product_brand","embeddable":true,"href":"https:\/\/letempsjadisauction.com\/nl\/wp-json\/wp\/v2\/product_brand?post=9189"},{"taxonomy":"product_cat","embeddable":true,"href":"https:\/\/letempsjadisauction.com\/nl\/wp-json\/wp\/v2\/product_cat?post=9189"},{"taxonomy":"product_tag","embeddable":true,"href":"https:\/\/letempsjadisauction.com\/nl\/wp-json\/wp\/v2\/product_tag?post=9189"}],"curies":[{"name":"wp","href":"https:\/\/api.w.org\/{rel}","templated":true}]}}