{"id":9192,"date":"2025-10-11T18:13:23","date_gmt":"2025-10-11T18:13:23","guid":{"rendered":"https:\/\/letempsjadisauction.com\/?post_type=product&#038;p=9192"},"modified":"2025-10-29T15:34:03","modified_gmt":"2025-10-29T15:34:03","slug":"138-cartel-au-personnage-aile-soufflant-dans-une-trompette","status":"publish","type":"product","link":"https:\/\/letempsjadisauction.com\/nl\/veiling\/138-cartel-au-personnage-aile-soufflant-dans-une-trompette\/","title":{"rendered":"138. Cartel au personnage ail\u00e9 soufflant dans une trompette"},"content":{"rendered":"<p>Cartel et son cul-de-lampe, surmont\u00e9 d&rsquo;un personnage ail\u00e9 soufflant dans une trompette, orn\u00e9 d&rsquo;un personnage en partie basse qui retient le cadran, bois noirci \u00e0 d\u00e9cors de bronzes dor\u00e9s, H. 68 cm<\/p>","protected":false},"excerpt":{"rendered":"<p>Cartel au personnage ail\u00e9 soufflant dans une trompette<\/p>","protected":false},"featured_media":8629,"template":"","meta":{"_acf_changed":false,"inline_featured_image":false},"online_sale":[62],"product_brand":[],"product_cat":[18],"product_tag":[],"class_list":{"0":"post-9192","1":"product","2":"type-product","3":"status-publish","4":"has-post-thumbnail","6":"online_sale-octobre-2025","7":"product_cat-non-classe","9":"first","10":"instock","11":"shipping-taxable","12":"purchasable","13":"product-type-auction"},"acf":[],"_links":{"self":[{"href":"https:\/\/letempsjadisauction.com\/nl\/wp-json\/wp\/v2\/product\/9192","targetHints":{"allow":["GET"]}}],"collection":[{"href":"https:\/\/letempsjadisauction.com\/nl\/wp-json\/wp\/v2\/product"}],"about":[{"href":"https:\/\/letempsjadisauction.com\/nl\/wp-json\/wp\/v2\/types\/product"}],"wp:featuredmedia":[{"embeddable":true,"href":"https:\/\/letempsjadisauction.com\/nl\/wp-json\/wp\/v2\/media\/8629"}],"wp:attachment":[{"href":"https:\/\/letempsjadisauction.com\/nl\/wp-json\/wp\/v2\/media?parent=9192"}],"wp:term":[{"taxonomy":"online_sale","embeddable":true,"href":"https:\/\/letempsjadisauction.com\/nl\/wp-json\/wp\/v2\/online_sale?post=9192"},{"taxonomy":"product_brand","embeddable":true,"href":"https:\/\/letempsjadisauction.com\/nl\/wp-json\/wp\/v2\/product_brand?post=9192"},{"taxonomy":"product_cat","embeddable":true,"href":"https:\/\/letempsjadisauction.com\/nl\/wp-json\/wp\/v2\/product_cat?post=9192"},{"taxonomy":"product_tag","embeddable":true,"href":"https:\/\/letempsjadisauction.com\/nl\/wp-json\/wp\/v2\/product_tag?post=9192"}],"curies":[{"name":"wp","href":"https:\/\/api.w.org\/{rel}","templated":true}]}}