{"id":9193,"date":"2025-10-11T18:13:23","date_gmt":"2025-10-11T18:13:23","guid":{"rendered":"https:\/\/letempsjadisauction.com\/?post_type=product&#038;p=9193"},"modified":"2025-10-29T15:36:37","modified_gmt":"2025-10-29T15:36:37","slug":"139-miroir-a-decor-rocaille-bois-stuque","status":"publish","type":"product","link":"https:\/\/letempsjadisauction.com\/nl\/veiling\/139-miroir-a-decor-rocaille-bois-stuque\/","title":{"rendered":"139. Miroir \u00e0 d\u00e9cor rocaille, bois stuqu\u00e9"},"content":{"rendered":"<p>Miroir \u00e0 d\u00e9cor rocaille, orn\u00e9 de volutes, rinceaux et fleurettes, rehauss\u00e9 d&rsquo;un rechampi bleu-vert, bois stuqu\u00e9, 70 x 105 cm<\/p>","protected":false},"excerpt":{"rendered":"<p>Miroir \u00e0 d\u00e9cor rocaille, bois stuqu\u00e9<\/p>","protected":false},"featured_media":8633,"template":"","meta":{"_acf_changed":false,"inline_featured_image":false},"online_sale":[62],"product_brand":[],"product_cat":[18],"product_tag":[],"class_list":{"0":"post-9193","1":"product","2":"type-product","3":"status-publish","4":"has-post-thumbnail","6":"online_sale-octobre-2025","7":"product_cat-non-classe","9":"first","10":"instock","11":"shipping-taxable","12":"purchasable","13":"product-type-auction"},"acf":[],"_links":{"self":[{"href":"https:\/\/letempsjadisauction.com\/nl\/wp-json\/wp\/v2\/product\/9193","targetHints":{"allow":["GET"]}}],"collection":[{"href":"https:\/\/letempsjadisauction.com\/nl\/wp-json\/wp\/v2\/product"}],"about":[{"href":"https:\/\/letempsjadisauction.com\/nl\/wp-json\/wp\/v2\/types\/product"}],"wp:featuredmedia":[{"embeddable":true,"href":"https:\/\/letempsjadisauction.com\/nl\/wp-json\/wp\/v2\/media\/8633"}],"wp:attachment":[{"href":"https:\/\/letempsjadisauction.com\/nl\/wp-json\/wp\/v2\/media?parent=9193"}],"wp:term":[{"taxonomy":"online_sale","embeddable":true,"href":"https:\/\/letempsjadisauction.com\/nl\/wp-json\/wp\/v2\/online_sale?post=9193"},{"taxonomy":"product_brand","embeddable":true,"href":"https:\/\/letempsjadisauction.com\/nl\/wp-json\/wp\/v2\/product_brand?post=9193"},{"taxonomy":"product_cat","embeddable":true,"href":"https:\/\/letempsjadisauction.com\/nl\/wp-json\/wp\/v2\/product_cat?post=9193"},{"taxonomy":"product_tag","embeddable":true,"href":"https:\/\/letempsjadisauction.com\/nl\/wp-json\/wp\/v2\/product_tag?post=9193"}],"curies":[{"name":"wp","href":"https:\/\/api.w.org\/{rel}","templated":true}]}}