{"id":9195,"date":"2025-10-11T18:13:24","date_gmt":"2025-10-11T18:13:24","guid":{"rendered":"https:\/\/letempsjadisauction.com\/?post_type=product&#038;p=9195"},"modified":"2025-10-29T15:40:02","modified_gmt":"2025-10-29T15:40:02","slug":"141-sculpture-representant-un-fauve-en-albatre","status":"publish","type":"product","link":"https:\/\/letempsjadisauction.com\/nl\/veiling\/141-sculpture-representant-un-fauve-en-albatre\/","title":{"rendered":"141. Travail italien, Sculpture repr\u00e9sentant un fauve en alb\u00e2tre"},"content":{"rendered":"<p>Travail italien, Sculpture repr\u00e9sentant un fauve, albatre, sign\u00e9 sur la base, 50 \u00d7 36 \u00d7 20 cm<\/p>","protected":false},"excerpt":{"rendered":"<p>Trvaial italien, Sculpture repr\u00e9sentant un fauve en alb\u00e2tre<\/p>","protected":false},"featured_media":8638,"template":"","meta":{"_acf_changed":false,"inline_featured_image":false},"online_sale":[62],"product_brand":[],"product_cat":[18],"product_tag":[],"class_list":{"0":"post-9195","1":"product","2":"type-product","3":"status-publish","4":"has-post-thumbnail","6":"online_sale-octobre-2025","7":"product_cat-non-classe","9":"first","10":"instock","11":"shipping-taxable","12":"purchasable","13":"product-type-auction"},"acf":[],"_links":{"self":[{"href":"https:\/\/letempsjadisauction.com\/nl\/wp-json\/wp\/v2\/product\/9195","targetHints":{"allow":["GET"]}}],"collection":[{"href":"https:\/\/letempsjadisauction.com\/nl\/wp-json\/wp\/v2\/product"}],"about":[{"href":"https:\/\/letempsjadisauction.com\/nl\/wp-json\/wp\/v2\/types\/product"}],"wp:featuredmedia":[{"embeddable":true,"href":"https:\/\/letempsjadisauction.com\/nl\/wp-json\/wp\/v2\/media\/8638"}],"wp:attachment":[{"href":"https:\/\/letempsjadisauction.com\/nl\/wp-json\/wp\/v2\/media?parent=9195"}],"wp:term":[{"taxonomy":"online_sale","embeddable":true,"href":"https:\/\/letempsjadisauction.com\/nl\/wp-json\/wp\/v2\/online_sale?post=9195"},{"taxonomy":"product_brand","embeddable":true,"href":"https:\/\/letempsjadisauction.com\/nl\/wp-json\/wp\/v2\/product_brand?post=9195"},{"taxonomy":"product_cat","embeddable":true,"href":"https:\/\/letempsjadisauction.com\/nl\/wp-json\/wp\/v2\/product_cat?post=9195"},{"taxonomy":"product_tag","embeddable":true,"href":"https:\/\/letempsjadisauction.com\/nl\/wp-json\/wp\/v2\/product_tag?post=9195"}],"curies":[{"name":"wp","href":"https:\/\/api.w.org\/{rel}","templated":true}]}}