{"id":9201,"date":"2025-10-11T18:13:58","date_gmt":"2025-10-11T18:13:58","guid":{"rendered":"https:\/\/letempsjadisauction.com\/?post_type=product&#038;p=9201"},"modified":"2025-10-11T18:13:58","modified_gmt":"2025-10-11T18:13:58","slug":"147-haut-relief-representant-athena-en-platre","status":"publish","type":"product","link":"https:\/\/letempsjadisauction.com\/nl\/veiling\/147-haut-relief-representant-athena-en-platre\/","title":{"rendered":"147. Haut-relief repr\u00e9sentant Ath\u00e9na en pl\u00e2tre"},"content":{"rendered":"<p>Platre en haut relief repr\u00e9senant Ath\u00e9na, 104 x 100 cm<\/p>","protected":false},"excerpt":{"rendered":"<p>Haut-relief repr\u00e9sentant Ath\u00e9na en pl\u00e2tre<\/p>","protected":false},"featured_media":8655,"template":"","meta":{"_acf_changed":false,"inline_featured_image":false},"online_sale":[62],"product_brand":[],"product_cat":[18],"product_tag":[],"class_list":{"0":"post-9201","1":"product","2":"type-product","3":"status-publish","4":"has-post-thumbnail","6":"online_sale-octobre-2025","7":"product_cat-non-classe","9":"first","10":"instock","11":"shipping-taxable","12":"purchasable","13":"product-type-auction"},"acf":[],"_links":{"self":[{"href":"https:\/\/letempsjadisauction.com\/nl\/wp-json\/wp\/v2\/product\/9201","targetHints":{"allow":["GET"]}}],"collection":[{"href":"https:\/\/letempsjadisauction.com\/nl\/wp-json\/wp\/v2\/product"}],"about":[{"href":"https:\/\/letempsjadisauction.com\/nl\/wp-json\/wp\/v2\/types\/product"}],"wp:featuredmedia":[{"embeddable":true,"href":"https:\/\/letempsjadisauction.com\/nl\/wp-json\/wp\/v2\/media\/8655"}],"wp:attachment":[{"href":"https:\/\/letempsjadisauction.com\/nl\/wp-json\/wp\/v2\/media?parent=9201"}],"wp:term":[{"taxonomy":"online_sale","embeddable":true,"href":"https:\/\/letempsjadisauction.com\/nl\/wp-json\/wp\/v2\/online_sale?post=9201"},{"taxonomy":"product_brand","embeddable":true,"href":"https:\/\/letempsjadisauction.com\/nl\/wp-json\/wp\/v2\/product_brand?post=9201"},{"taxonomy":"product_cat","embeddable":true,"href":"https:\/\/letempsjadisauction.com\/nl\/wp-json\/wp\/v2\/product_cat?post=9201"},{"taxonomy":"product_tag","embeddable":true,"href":"https:\/\/letempsjadisauction.com\/nl\/wp-json\/wp\/v2\/product_tag?post=9201"}],"curies":[{"name":"wp","href":"https:\/\/api.w.org\/{rel}","templated":true}]}}