{"id":9204,"date":"2025-10-11T18:13:58","date_gmt":"2025-10-11T18:13:58","guid":{"rendered":"https:\/\/letempsjadisauction.com\/?post_type=product&#038;p=9204"},"modified":"2025-10-29T15:58:01","modified_gmt":"2025-10-29T15:58:01","slug":"150-otte-christian-1943-2005-le-bon-vieux-temps-dessin-a-lencre","status":"publish","type":"product","link":"https:\/\/letempsjadisauction.com\/nl\/veiling\/150-otte-christian-1943-2005-le-bon-vieux-temps-dessin-a-lencre\/","title":{"rendered":"150. Otte Christian (1943\u20132005), Le bon vieux temps, dessin \u00e0 l\u2019encre"},"content":{"rendered":"<p>Otte Christian (1943-2005), Le bon vieux temps, dessin \u00e0 l&rsquo;encre, 71 \u00d7 53 cm, 86,5 \u00d7 70 cm avec cadre<\/p>","protected":false},"excerpt":{"rendered":"<p>Otte Christian (1943\u20132005), Le bon vieux temps, dessin \u00e0 l\u2019encre<\/p>","protected":false},"featured_media":8664,"template":"","meta":{"_acf_changed":false,"inline_featured_image":false},"online_sale":[62],"product_brand":[],"product_cat":[18],"product_tag":[],"class_list":{"0":"post-9204","1":"product","2":"type-product","3":"status-publish","4":"has-post-thumbnail","6":"online_sale-octobre-2025","7":"product_cat-non-classe","9":"first","10":"instock","11":"shipping-taxable","12":"purchasable","13":"product-type-auction"},"acf":[],"_links":{"self":[{"href":"https:\/\/letempsjadisauction.com\/nl\/wp-json\/wp\/v2\/product\/9204","targetHints":{"allow":["GET"]}}],"collection":[{"href":"https:\/\/letempsjadisauction.com\/nl\/wp-json\/wp\/v2\/product"}],"about":[{"href":"https:\/\/letempsjadisauction.com\/nl\/wp-json\/wp\/v2\/types\/product"}],"wp:featuredmedia":[{"embeddable":true,"href":"https:\/\/letempsjadisauction.com\/nl\/wp-json\/wp\/v2\/media\/8664"}],"wp:attachment":[{"href":"https:\/\/letempsjadisauction.com\/nl\/wp-json\/wp\/v2\/media?parent=9204"}],"wp:term":[{"taxonomy":"online_sale","embeddable":true,"href":"https:\/\/letempsjadisauction.com\/nl\/wp-json\/wp\/v2\/online_sale?post=9204"},{"taxonomy":"product_brand","embeddable":true,"href":"https:\/\/letempsjadisauction.com\/nl\/wp-json\/wp\/v2\/product_brand?post=9204"},{"taxonomy":"product_cat","embeddable":true,"href":"https:\/\/letempsjadisauction.com\/nl\/wp-json\/wp\/v2\/product_cat?post=9204"},{"taxonomy":"product_tag","embeddable":true,"href":"https:\/\/letempsjadisauction.com\/nl\/wp-json\/wp\/v2\/product_tag?post=9204"}],"curies":[{"name":"wp","href":"https:\/\/api.w.org\/{rel}","templated":true}]}}