{"id":9205,"date":"2025-10-11T18:14:01","date_gmt":"2025-10-11T18:14:01","guid":{"rendered":"https:\/\/letempsjadisauction.com\/?post_type=product&#038;p=9205"},"modified":"2025-10-11T18:14:02","modified_gmt":"2025-10-11T18:14:02","slug":"151-gen-paul-attribue-picador-et-taureau-pastel","status":"publish","type":"product","link":"https:\/\/letempsjadisauction.com\/nl\/veiling\/151-gen-paul-attribue-picador-et-taureau-pastel\/","title":{"rendered":"151. Gen Paul (attribu\u00e9), Picador et taureau, pastel"},"content":{"rendered":"<p> Gen Paul (attribu\u00e9) (1895-1975), Picador et taureau, pastel, plaquette d&rsquo;identification et \u00e9tiquette d&rsquo;exposition \u00e0 l&rsquo;arri\u00e8re, 68 x 61 cm<\/p>","protected":false},"excerpt":{"rendered":"<p>Gen Paul (attribu\u00e9), Picador et taureau, pastel<\/p>","protected":false},"featured_media":8666,"template":"","meta":{"_acf_changed":false,"inline_featured_image":false},"online_sale":[62],"product_brand":[],"product_cat":[18],"product_tag":[],"class_list":{"0":"post-9205","1":"product","2":"type-product","3":"status-publish","4":"has-post-thumbnail","6":"online_sale-octobre-2025","7":"product_cat-non-classe","9":"first","10":"instock","11":"shipping-taxable","12":"purchasable","13":"product-type-auction"},"acf":[],"_links":{"self":[{"href":"https:\/\/letempsjadisauction.com\/nl\/wp-json\/wp\/v2\/product\/9205","targetHints":{"allow":["GET"]}}],"collection":[{"href":"https:\/\/letempsjadisauction.com\/nl\/wp-json\/wp\/v2\/product"}],"about":[{"href":"https:\/\/letempsjadisauction.com\/nl\/wp-json\/wp\/v2\/types\/product"}],"wp:featuredmedia":[{"embeddable":true,"href":"https:\/\/letempsjadisauction.com\/nl\/wp-json\/wp\/v2\/media\/8666"}],"wp:attachment":[{"href":"https:\/\/letempsjadisauction.com\/nl\/wp-json\/wp\/v2\/media?parent=9205"}],"wp:term":[{"taxonomy":"online_sale","embeddable":true,"href":"https:\/\/letempsjadisauction.com\/nl\/wp-json\/wp\/v2\/online_sale?post=9205"},{"taxonomy":"product_brand","embeddable":true,"href":"https:\/\/letempsjadisauction.com\/nl\/wp-json\/wp\/v2\/product_brand?post=9205"},{"taxonomy":"product_cat","embeddable":true,"href":"https:\/\/letempsjadisauction.com\/nl\/wp-json\/wp\/v2\/product_cat?post=9205"},{"taxonomy":"product_tag","embeddable":true,"href":"https:\/\/letempsjadisauction.com\/nl\/wp-json\/wp\/v2\/product_tag?post=9205"}],"curies":[{"name":"wp","href":"https:\/\/api.w.org\/{rel}","templated":true}]}}