{"id":9207,"date":"2025-10-11T18:14:01","date_gmt":"2025-10-11T18:14:01","guid":{"rendered":"https:\/\/letempsjadisauction.com\/?post_type=product&#038;p=9207"},"modified":"2025-10-15T18:39:52","modified_gmt":"2025-10-15T18:39:52","slug":"153-andre-provot-chryseis-ensemble-de-4-lithographies","status":"publish","type":"product","link":"https:\/\/letempsjadisauction.com\/nl\/veiling\/153-andre-provot-chryseis-ensemble-de-4-lithographies\/","title":{"rendered":"153. Andr\u00e9 Provot, Chrys\u00e9is, ensemble de 4 lithographies"},"content":{"rendered":"<p>Andr\u00e9 Provot (1899-1985), chrys\u00e9is, ensemble de 4 lithographies, 102 x 40,5<\/p>","protected":false},"excerpt":{"rendered":"<p>Andr\u00e9 Provot, Chrys\u00e9is, ensemble de 4 lithographies<\/p>","protected":false},"featured_media":8669,"template":"","meta":{"_acf_changed":false,"inline_featured_image":false},"online_sale":[62],"product_brand":[],"product_cat":[18],"product_tag":[],"class_list":{"0":"post-9207","1":"product","2":"type-product","3":"status-publish","4":"has-post-thumbnail","6":"online_sale-octobre-2025","7":"product_cat-non-classe","9":"first","10":"instock","11":"shipping-taxable","12":"purchasable","13":"product-type-auction"},"acf":[],"_links":{"self":[{"href":"https:\/\/letempsjadisauction.com\/nl\/wp-json\/wp\/v2\/product\/9207","targetHints":{"allow":["GET"]}}],"collection":[{"href":"https:\/\/letempsjadisauction.com\/nl\/wp-json\/wp\/v2\/product"}],"about":[{"href":"https:\/\/letempsjadisauction.com\/nl\/wp-json\/wp\/v2\/types\/product"}],"wp:featuredmedia":[{"embeddable":true,"href":"https:\/\/letempsjadisauction.com\/nl\/wp-json\/wp\/v2\/media\/8669"}],"wp:attachment":[{"href":"https:\/\/letempsjadisauction.com\/nl\/wp-json\/wp\/v2\/media?parent=9207"}],"wp:term":[{"taxonomy":"online_sale","embeddable":true,"href":"https:\/\/letempsjadisauction.com\/nl\/wp-json\/wp\/v2\/online_sale?post=9207"},{"taxonomy":"product_brand","embeddable":true,"href":"https:\/\/letempsjadisauction.com\/nl\/wp-json\/wp\/v2\/product_brand?post=9207"},{"taxonomy":"product_cat","embeddable":true,"href":"https:\/\/letempsjadisauction.com\/nl\/wp-json\/wp\/v2\/product_cat?post=9207"},{"taxonomy":"product_tag","embeddable":true,"href":"https:\/\/letempsjadisauction.com\/nl\/wp-json\/wp\/v2\/product_tag?post=9207"}],"curies":[{"name":"wp","href":"https:\/\/api.w.org\/{rel}","templated":true}]}}