{"id":9219,"date":"2025-10-11T18:14:20","date_gmt":"2025-10-11T18:14:20","guid":{"rendered":"https:\/\/letempsjadisauction.com\/?post_type=product&#038;p=9219"},"modified":"2025-10-29T16:28:02","modified_gmt":"2025-10-29T16:28:02","slug":"165-alfred-verwee-ensemble-de-six-petites-peintures-animalieres","status":"publish","type":"product","link":"https:\/\/letempsjadisauction.com\/nl\/veiling\/165-alfred-verwee-ensemble-de-six-petites-peintures-animalieres\/","title":{"rendered":"165. Alfred Verwee, Ensemble de six petites peintures animali\u00e8res"},"content":{"rendered":"<p>Alfred Verwee (1838-1895), ensemble de six petites peintures animali\u00e8res mont\u00e9es dans un cadre, peinture \u00e0 l&rsquo;huile sur panneau, 58 \u00d7 47,5 cm avec cadre<\/p>","protected":false},"excerpt":{"rendered":"<p>Alfred Verwee, Ensemble de six petites peintures animali\u00e8res<\/p>","protected":false},"featured_media":8695,"template":"","meta":{"_acf_changed":false,"inline_featured_image":false},"online_sale":[62],"product_brand":[],"product_cat":[18],"product_tag":[],"class_list":{"0":"post-9219","1":"product","2":"type-product","3":"status-publish","4":"has-post-thumbnail","6":"online_sale-octobre-2025","7":"product_cat-non-classe","9":"first","10":"instock","11":"shipping-taxable","12":"purchasable","13":"product-type-auction"},"acf":[],"_links":{"self":[{"href":"https:\/\/letempsjadisauction.com\/nl\/wp-json\/wp\/v2\/product\/9219","targetHints":{"allow":["GET"]}}],"collection":[{"href":"https:\/\/letempsjadisauction.com\/nl\/wp-json\/wp\/v2\/product"}],"about":[{"href":"https:\/\/letempsjadisauction.com\/nl\/wp-json\/wp\/v2\/types\/product"}],"wp:featuredmedia":[{"embeddable":true,"href":"https:\/\/letempsjadisauction.com\/nl\/wp-json\/wp\/v2\/media\/8695"}],"wp:attachment":[{"href":"https:\/\/letempsjadisauction.com\/nl\/wp-json\/wp\/v2\/media?parent=9219"}],"wp:term":[{"taxonomy":"online_sale","embeddable":true,"href":"https:\/\/letempsjadisauction.com\/nl\/wp-json\/wp\/v2\/online_sale?post=9219"},{"taxonomy":"product_brand","embeddable":true,"href":"https:\/\/letempsjadisauction.com\/nl\/wp-json\/wp\/v2\/product_brand?post=9219"},{"taxonomy":"product_cat","embeddable":true,"href":"https:\/\/letempsjadisauction.com\/nl\/wp-json\/wp\/v2\/product_cat?post=9219"},{"taxonomy":"product_tag","embeddable":true,"href":"https:\/\/letempsjadisauction.com\/nl\/wp-json\/wp\/v2\/product_tag?post=9219"}],"curies":[{"name":"wp","href":"https:\/\/api.w.org\/{rel}","templated":true}]}}