{"id":9220,"date":"2025-10-11T18:14:19","date_gmt":"2025-10-11T18:14:19","guid":{"rendered":"https:\/\/letempsjadisauction.com\/?post_type=product&#038;p=9220"},"modified":"2025-10-29T16:30:03","modified_gmt":"2025-10-29T16:30:03","slug":"166-gustaaf-de-bruyne-nu-feminin-au-pastel","status":"publish","type":"product","link":"https:\/\/letempsjadisauction.com\/nl\/veiling\/166-gustaaf-de-bruyne-nu-feminin-au-pastel\/","title":{"rendered":"166. Gustaaf De Bruyne, Nu f\u00e9minin au pastel"},"content":{"rendered":"<p>Gustaaf De Bruyne (1914-1981), nu f\u00e9minin, pastel, 63 \u00d7 93 cm, 82 \u00d7 112 cm avec cadre<\/p>","protected":false},"excerpt":{"rendered":"<p>Gustaaf De Bruyne, Nu f\u00e9minin au pastel<\/p>","protected":false},"featured_media":8700,"template":"","meta":{"_acf_changed":false,"inline_featured_image":false},"online_sale":[62],"product_brand":[],"product_cat":[18],"product_tag":[],"class_list":{"0":"post-9220","1":"product","2":"type-product","3":"status-publish","4":"has-post-thumbnail","6":"online_sale-octobre-2025","7":"product_cat-non-classe","9":"first","10":"instock","11":"shipping-taxable","12":"purchasable","13":"product-type-auction"},"acf":[],"_links":{"self":[{"href":"https:\/\/letempsjadisauction.com\/nl\/wp-json\/wp\/v2\/product\/9220","targetHints":{"allow":["GET"]}}],"collection":[{"href":"https:\/\/letempsjadisauction.com\/nl\/wp-json\/wp\/v2\/product"}],"about":[{"href":"https:\/\/letempsjadisauction.com\/nl\/wp-json\/wp\/v2\/types\/product"}],"wp:featuredmedia":[{"embeddable":true,"href":"https:\/\/letempsjadisauction.com\/nl\/wp-json\/wp\/v2\/media\/8700"}],"wp:attachment":[{"href":"https:\/\/letempsjadisauction.com\/nl\/wp-json\/wp\/v2\/media?parent=9220"}],"wp:term":[{"taxonomy":"online_sale","embeddable":true,"href":"https:\/\/letempsjadisauction.com\/nl\/wp-json\/wp\/v2\/online_sale?post=9220"},{"taxonomy":"product_brand","embeddable":true,"href":"https:\/\/letempsjadisauction.com\/nl\/wp-json\/wp\/v2\/product_brand?post=9220"},{"taxonomy":"product_cat","embeddable":true,"href":"https:\/\/letempsjadisauction.com\/nl\/wp-json\/wp\/v2\/product_cat?post=9220"},{"taxonomy":"product_tag","embeddable":true,"href":"https:\/\/letempsjadisauction.com\/nl\/wp-json\/wp\/v2\/product_tag?post=9220"}],"curies":[{"name":"wp","href":"https:\/\/api.w.org\/{rel}","templated":true}]}}