{"id":9229,"date":"2025-10-11T18:14:20","date_gmt":"2025-10-11T18:14:20","guid":{"rendered":"https:\/\/letempsjadisauction.com\/?post_type=product&#038;p=9229"},"modified":"2025-10-11T18:14:20","modified_gmt":"2025-10-11T18:14:20","slug":"175-jesus-fuertes-deux-personnages-bleus","status":"publish","type":"product","link":"https:\/\/letempsjadisauction.com\/nl\/veiling\/175-jesus-fuertes-deux-personnages-bleus\/","title":{"rendered":"175. J\u00e9sus Fuertes, Deux personnages bleus"},"content":{"rendered":"<p>J\u00e9sus Fuertes (1938-2006), deux personnages bleus, huile sur panneau, 53 \u00d7 81 cm, 72 \u00d7 100 cm avec cadre<\/p>","protected":false},"excerpt":{"rendered":"<p>J\u00e9sus Fuertes, Deux personnages bleus<\/p>","protected":false},"featured_media":8736,"template":"","meta":{"_acf_changed":false,"inline_featured_image":false},"online_sale":[62],"product_brand":[],"product_cat":[18],"product_tag":[],"class_list":{"0":"post-9229","1":"product","2":"type-product","3":"status-publish","4":"has-post-thumbnail","6":"online_sale-octobre-2025","7":"product_cat-non-classe","9":"first","10":"instock","11":"shipping-taxable","12":"purchasable","13":"product-type-auction"},"acf":[],"_links":{"self":[{"href":"https:\/\/letempsjadisauction.com\/nl\/wp-json\/wp\/v2\/product\/9229","targetHints":{"allow":["GET"]}}],"collection":[{"href":"https:\/\/letempsjadisauction.com\/nl\/wp-json\/wp\/v2\/product"}],"about":[{"href":"https:\/\/letempsjadisauction.com\/nl\/wp-json\/wp\/v2\/types\/product"}],"wp:featuredmedia":[{"embeddable":true,"href":"https:\/\/letempsjadisauction.com\/nl\/wp-json\/wp\/v2\/media\/8736"}],"wp:attachment":[{"href":"https:\/\/letempsjadisauction.com\/nl\/wp-json\/wp\/v2\/media?parent=9229"}],"wp:term":[{"taxonomy":"online_sale","embeddable":true,"href":"https:\/\/letempsjadisauction.com\/nl\/wp-json\/wp\/v2\/online_sale?post=9229"},{"taxonomy":"product_brand","embeddable":true,"href":"https:\/\/letempsjadisauction.com\/nl\/wp-json\/wp\/v2\/product_brand?post=9229"},{"taxonomy":"product_cat","embeddable":true,"href":"https:\/\/letempsjadisauction.com\/nl\/wp-json\/wp\/v2\/product_cat?post=9229"},{"taxonomy":"product_tag","embeddable":true,"href":"https:\/\/letempsjadisauction.com\/nl\/wp-json\/wp\/v2\/product_tag?post=9229"}],"curies":[{"name":"wp","href":"https:\/\/api.w.org\/{rel}","templated":true}]}}