{"id":9231,"date":"2025-10-11T18:14:23","date_gmt":"2025-10-11T18:14:23","guid":{"rendered":"https:\/\/letempsjadisauction.com\/?post_type=product&#038;p=9231"},"modified":"2025-10-15T18:29:13","modified_gmt":"2025-10-15T18:29:13","slug":"177-paul-schouten-betail-sur-une-route-de-campagne","status":"publish","type":"product","link":"https:\/\/letempsjadisauction.com\/nl\/veiling\/177-paul-schouten-betail-sur-une-route-de-campagne\/","title":{"rendered":"177. Paul Schouten, B\u00e9tail sur une route de campagne"},"content":{"rendered":"<p>Paul Schouten (1868-1922), b\u00e9tail sur une route de campagne, huile sur toile, 68,5 \u00d7 54 cm, 90 \u00d7 75 cm avec cadre<\/p>","protected":false},"excerpt":{"rendered":"<p>Paul Schouten, B\u00e9tail sur une route de campagne<\/p>","protected":false},"featured_media":8744,"template":"","meta":{"_acf_changed":false,"inline_featured_image":false},"online_sale":[62],"product_brand":[],"product_cat":[18],"product_tag":[],"class_list":{"0":"post-9231","1":"product","2":"type-product","3":"status-publish","4":"has-post-thumbnail","6":"online_sale-octobre-2025","7":"product_cat-non-classe","9":"first","10":"instock","11":"shipping-taxable","12":"purchasable","13":"product-type-auction"},"acf":[],"_links":{"self":[{"href":"https:\/\/letempsjadisauction.com\/nl\/wp-json\/wp\/v2\/product\/9231","targetHints":{"allow":["GET"]}}],"collection":[{"href":"https:\/\/letempsjadisauction.com\/nl\/wp-json\/wp\/v2\/product"}],"about":[{"href":"https:\/\/letempsjadisauction.com\/nl\/wp-json\/wp\/v2\/types\/product"}],"wp:featuredmedia":[{"embeddable":true,"href":"https:\/\/letempsjadisauction.com\/nl\/wp-json\/wp\/v2\/media\/8744"}],"wp:attachment":[{"href":"https:\/\/letempsjadisauction.com\/nl\/wp-json\/wp\/v2\/media?parent=9231"}],"wp:term":[{"taxonomy":"online_sale","embeddable":true,"href":"https:\/\/letempsjadisauction.com\/nl\/wp-json\/wp\/v2\/online_sale?post=9231"},{"taxonomy":"product_brand","embeddable":true,"href":"https:\/\/letempsjadisauction.com\/nl\/wp-json\/wp\/v2\/product_brand?post=9231"},{"taxonomy":"product_cat","embeddable":true,"href":"https:\/\/letempsjadisauction.com\/nl\/wp-json\/wp\/v2\/product_cat?post=9231"},{"taxonomy":"product_tag","embeddable":true,"href":"https:\/\/letempsjadisauction.com\/nl\/wp-json\/wp\/v2\/product_tag?post=9231"}],"curies":[{"name":"wp","href":"https:\/\/api.w.org\/{rel}","templated":true}]}}