{"id":9247,"date":"2025-10-11T18:14:44","date_gmt":"2025-10-11T18:14:44","guid":{"rendered":"https:\/\/letempsjadisauction.com\/?post_type=product&#038;p=9247"},"modified":"2025-10-29T17:24:05","modified_gmt":"2025-10-29T17:24:05","slug":"193-dessin-a-lencre-representant-un-demon-signe-dale-1852","status":"publish","type":"product","link":"https:\/\/letempsjadisauction.com\/nl\/veiling\/193-dessin-a-lencre-representant-un-demon-signe-dale-1852\/","title":{"rendered":"193. Dessin \u00e0 l\u2019encre repr\u00e9sentant un d\u00e9mon, sign\u00e9 Dal\u00e9 1852"},"content":{"rendered":"<p>Dessin \u00e0 l\u2019encre repr\u00e9sentant un d\u00e9mon, sign\u00e9 dal\u00e9 1852 \u2013 30 \u00d7 18 cm, 39,5 \u00d7 28,5 cm avec cadre<\/p>","protected":false},"excerpt":{"rendered":"<p>Dessin \u00e0 l\u2019encre repr\u00e9sentant un d\u00e9mon, sign\u00e9 Dal\u00e9 1852<\/p>","protected":false},"featured_media":8796,"template":"","meta":{"_acf_changed":false,"inline_featured_image":false},"online_sale":[62],"product_brand":[],"product_cat":[18],"product_tag":[],"class_list":{"0":"post-9247","1":"product","2":"type-product","3":"status-publish","4":"has-post-thumbnail","6":"online_sale-octobre-2025","7":"product_cat-non-classe","9":"first","10":"instock","11":"shipping-taxable","12":"purchasable","13":"product-type-auction"},"acf":[],"_links":{"self":[{"href":"https:\/\/letempsjadisauction.com\/nl\/wp-json\/wp\/v2\/product\/9247","targetHints":{"allow":["GET"]}}],"collection":[{"href":"https:\/\/letempsjadisauction.com\/nl\/wp-json\/wp\/v2\/product"}],"about":[{"href":"https:\/\/letempsjadisauction.com\/nl\/wp-json\/wp\/v2\/types\/product"}],"wp:featuredmedia":[{"embeddable":true,"href":"https:\/\/letempsjadisauction.com\/nl\/wp-json\/wp\/v2\/media\/8796"}],"wp:attachment":[{"href":"https:\/\/letempsjadisauction.com\/nl\/wp-json\/wp\/v2\/media?parent=9247"}],"wp:term":[{"taxonomy":"online_sale","embeddable":true,"href":"https:\/\/letempsjadisauction.com\/nl\/wp-json\/wp\/v2\/online_sale?post=9247"},{"taxonomy":"product_brand","embeddable":true,"href":"https:\/\/letempsjadisauction.com\/nl\/wp-json\/wp\/v2\/product_brand?post=9247"},{"taxonomy":"product_cat","embeddable":true,"href":"https:\/\/letempsjadisauction.com\/nl\/wp-json\/wp\/v2\/product_cat?post=9247"},{"taxonomy":"product_tag","embeddable":true,"href":"https:\/\/letempsjadisauction.com\/nl\/wp-json\/wp\/v2\/product_tag?post=9247"}],"curies":[{"name":"wp","href":"https:\/\/api.w.org\/{rel}","templated":true}]}}