{"id":9260,"date":"2025-10-11T18:15:02","date_gmt":"2025-10-11T18:15:02","guid":{"rendered":"https:\/\/letempsjadisauction.com\/?post_type=product&#038;p=9260"},"modified":"2025-10-11T18:15:02","modified_gmt":"2025-10-11T18:15:02","slug":"206-emile-galle-vase-a-decor-dhortensia-verre-multicouche","status":"publish","type":"product","link":"https:\/\/letempsjadisauction.com\/nl\/veiling\/206-emile-galle-vase-a-decor-dhortensia-verre-multicouche\/","title":{"rendered":"206. Emile Gall\u00e9, Vase \u00e0 d\u00e9cor d\u2019hortensia, verre multicouche"},"content":{"rendered":"<p>Emile Gall\u00e9 (1846-1904), vase \u00e0 d\u00e9cor d&rsquo;hortensia, verre multicouche d\u00e9gag\u00e9 \u00e0 l&rsquo;acide, sign\u00e9 Gall\u00e9, 32,5 x 16  cm<\/p>","protected":false},"excerpt":{"rendered":"<p>Emile Gall\u00e9, Vase \u00e0 d\u00e9cor d\u2019hortensia, verre multicouche<\/p>","protected":false},"featured_media":8823,"template":"","meta":{"_acf_changed":false,"inline_featured_image":false},"online_sale":[62],"product_brand":[],"product_cat":[18],"product_tag":[],"class_list":{"0":"post-9260","1":"product","2":"type-product","3":"status-publish","4":"has-post-thumbnail","6":"online_sale-octobre-2025","7":"product_cat-non-classe","9":"first","10":"instock","11":"shipping-taxable","12":"purchasable","13":"product-type-auction"},"acf":[],"_links":{"self":[{"href":"https:\/\/letempsjadisauction.com\/nl\/wp-json\/wp\/v2\/product\/9260","targetHints":{"allow":["GET"]}}],"collection":[{"href":"https:\/\/letempsjadisauction.com\/nl\/wp-json\/wp\/v2\/product"}],"about":[{"href":"https:\/\/letempsjadisauction.com\/nl\/wp-json\/wp\/v2\/types\/product"}],"wp:featuredmedia":[{"embeddable":true,"href":"https:\/\/letempsjadisauction.com\/nl\/wp-json\/wp\/v2\/media\/8823"}],"wp:attachment":[{"href":"https:\/\/letempsjadisauction.com\/nl\/wp-json\/wp\/v2\/media?parent=9260"}],"wp:term":[{"taxonomy":"online_sale","embeddable":true,"href":"https:\/\/letempsjadisauction.com\/nl\/wp-json\/wp\/v2\/online_sale?post=9260"},{"taxonomy":"product_brand","embeddable":true,"href":"https:\/\/letempsjadisauction.com\/nl\/wp-json\/wp\/v2\/product_brand?post=9260"},{"taxonomy":"product_cat","embeddable":true,"href":"https:\/\/letempsjadisauction.com\/nl\/wp-json\/wp\/v2\/product_cat?post=9260"},{"taxonomy":"product_tag","embeddable":true,"href":"https:\/\/letempsjadisauction.com\/nl\/wp-json\/wp\/v2\/product_tag?post=9260"}],"curies":[{"name":"wp","href":"https:\/\/api.w.org\/{rel}","templated":true}]}}